{"id":4490,"date":"2024-01-17T07:19:46","date_gmt":"2024-01-17T07:19:46","guid":{"rendered":"https:\/\/ibizaexplorer.com\/politica-sui-cookie\/"},"modified":"2024-01-17T09:30:10","modified_gmt":"2024-01-17T09:30:10","slug":"politica-sui-cookie","status":"publish","type":"page","link":"https:\/\/ibizaexplorer.com\/it\/politica-sui-cookie\/","title":{"rendered":"Politica sui Cookie"},"content":{"rendered":"\t\t<div data-elementor-type=\"wp-page\" data-elementor-id=\"4490\" class=\"elementor elementor-4490 elementor-4347\" data-elementor-post-type=\"page\">\n\t\t\t\t<div class=\"elementor-element elementor-element-5542bd2 e-flex e-con-boxed e-con e-parent\" data-id=\"5542bd2\" data-element_type=\"container\" data-e-type=\"container\" data-settings=\"{&quot;jet_parallax_layout_list&quot;:[]}\">\n\t\t\t\t\t<div class=\"e-con-inner\">\n\t\t\t\t<div class=\"elementor-element elementor-element-17a6e1d elementor-widget elementor-widget-heading\" data-id=\"17a6e1d\" data-element_type=\"widget\" data-e-type=\"widget\" data-widget_type=\"heading.default\">\n\t\t\t\t<div class=\"elementor-widget-container\">\n\t\t\t\t\t<h1 class=\"elementor-heading-title elementor-size-default\">Politica sui Cookie<\/h1>\t\t\t\t<\/div>\n\t\t\t\t<\/div>\n\t\t\t\t<div class=\"elementor-element elementor-element-315f9ee elementor-widget elementor-widget-text-editor\" data-id=\"315f9ee\" data-element_type=\"widget\" data-e-type=\"widget\" data-widget_type=\"text-editor.default\">\n\t\t\t\t<div class=\"elementor-widget-container\">\n\t\t\t\t\t\t\t\t\t<p><strong>INFORMAZIONI SUI COOKIE<\/strong><\/p>\n<p>In conformit\u00e0 alla Legge 34\/2002, dell&#8217;11 luglio, sui servizi della societ\u00e0 dell&#8217;informazione e del commercio elettronico (LSSI), in relazione al Regolamento (UE) 2016\/679 del Parlamento europeo e del Consiglio, del 27 aprile 2016, relativo alla protezione delle persone fisiche con riguardo al trattamento dei dati personali (GDPR) e alla Legge Organica 3\/2018, del 5 dicembre, sulla protezione dei dati personali e la garanzia dei diritti digitali (LOPDGDD), \u00e8 obbligatorio ottenere il consenso esplicito dell&#8217;utente di tutti i siti web che utilizzano cookie dispensabili, prima che l&#8217;utente li naviga.<\/p>\n<p><strong>COSA SONO I COOKIE?<\/strong><\/p>\n<p>I cookie e altre tecnologie simili come oggetti locali condivisi, cookie flash o pixel, sono strumenti utilizzati dai server web per archiviare e recuperare informazioni sui loro visitatori, cos\u00ec come per offrire un corretto funzionamento del sito. L&#8217;uso di questi dispositivi permette al server Web di ricordare determinati dati riguardanti l&#8217;utente, come le loro preferenze per la visualizzazione delle pagine di quel server, nome e password, prodotti che interessano loro di pi\u00f9, ecc.<\/p>\n<p><strong>COOKIE INTERESSATI DALLA REGOLAMENTAZIONE E COOKIE ESCLUSI<\/strong><\/p>\n<p>Secondo la direttiva dell&#8217;UE, i cookie che richiedono il consenso informato dell&#8217;utente sono i cookie analitici e i cookie pubblicitari e di affiliazione, ad eccezione di quelli di natura tecnica e di quelli necessari per il funzionamento del sito web o la fornitura di servizi espressamente richiesti dall&#8217;utente.<\/p>\n<p><strong>TIPI DI COOKIE<\/strong><\/p>\n<p><strong>A SECONDA DELL&#8217;OBIETTIVO<\/strong><\/p>\n<ul>\n<li><b>Cookie tecnici e funzionali<\/b>: sono quelli che consentono all&#8217;utente di navigare attraverso un sito web, una piattaforma o un&#8217;applicazione e utilizzare le diverse opzioni o servizi presenti su di esso.<\/li>\n<li><b>Cookie analitici<\/b>: sono quelli che permettono al responsabile di monitorare e analizzare il comportamento degli utenti dei siti web a cui sono collegati. Le informazioni raccolte attraverso questo tipo di cookie vengono utilizzate per misurare l&#8217;attivit\u00e0 dei siti web, delle applicazioni o delle piattaforme e per elaborare profili di navigazione degli utenti di questi siti, applicazioni e piattaforme, al fine di apportare miglioramenti basati sull&#8217;analisi dei dati d&#8217;uso dei servizi da parte degli utenti.<\/li>\n<li><b>Cookie pubblicitari<\/b>: sono quelli che consentono la gestione, nel modo pi\u00f9 efficace possibile, degli spazi pubblicitari che, se del caso, l&#8217;editore ha incluso su un sito web, un&#8217;applicazione o una piattaforma dalla quale viene fornito il servizio richiesto in base a criteri come il contenuto modificato o la frequenza con cui vengono mostrati gli annunci.<\/li>\n<li><b>Cookie pubblicitari comportamentali<\/b>: raccolgono informazioni sulle preferenze e le scelte personali dell&#8217;utente (remarketing) per consentire la gestione, nel modo pi\u00f9 efficace possibile, degli spazi pubblicitari che, se del caso, l&#8217;editore ha incluso su un sito web, un&#8217;applicazione o una piattaforma dalla quale fornisce il servizio richiesto.<\/li>\n<li><b>Cookie sociali<\/b>: vengono impostati dalle piattaforme di social media su servizi che ti consentono di condividere contenuti con i tuoi amici e le tue reti. Le piattaforme di social media hanno la capacit\u00e0 di tracciare la tua attivit\u00e0 online al di fuori dei Servizi. Ci\u00f2 potrebbe influire sui contenuti e sui messaggi che visualizzi su altri servizi che visiti.<\/li>\n<li><b>Cookie di affiliazione<\/b>: consentono di tracciare le visite da altri siti web, con i quali il sito web entra in un accordo di affiliazione (societ\u00e0 affiliate).<\/li>\n<li><b>Cookie di sicurezza<\/b>: memorizzano informazioni criptate per impedire che i dati in essi memorizzati siano vulnerabili a attacchi dannosi di terze parti.<\/li>\n<\/ul>\n<div><\/div>\n<p><strong>IN BASE ALLA PROPRIET\u00c0<\/strong><\/p>\n<ul>\n<li><strong>Cookie di prima parte<\/strong>: sono quelli che vengono inviati al dispositivo terminale dell&#8217;utente da un computer o dominio gestito dall&#8217;editore stesso e da cui viene fornito il servizio richiesto dall&#8217;utente.<\/li>\n<li><strong>Cookie di terza parte<\/strong>: sono quelli che vengono inviati al dispositivo terminale dell&#8217;utente da un computer o dominio che non \u00e8 gestito dall&#8217;editore, ma da un&#8217;altra entit\u00e0 che elabora i dati ottenuti attraverso i cookie.<\/li>\n<\/ul>\n<div><\/div>\n<p><strong>IN BASE AL PERIODO DI CONSERVAZIONE<\/strong><\/p>\n<ul>\n<li><strong>Cookie di sessione:<\/strong> sono un tipo di cookie progettato per raccogliere e memorizzare dati mentre l&#8217;utente accede a un sito web.<\/li>\n<li><strong>Cookie persistenti<\/strong>: sono un tipo di cookie in cui i dati rimangono memorizzati nel terminale e possono essere accessibili e trattati per un periodo definito dal responsabile del cookie, che pu\u00f2 variare da pochi minuti a diversi anni.<\/li>\n<\/ul>\n<div><\/div>\n<p><strong>TRATTAMENTO DEI DATI PERSONALI<\/strong><br \/>\nUGO JULIEN DAUPHIN \u00e8 il <strong>Responsabile del trattamento dati<\/strong> per i dati personali dell&#8217;<strong>Interessato<\/strong> e li informa che questi saranno trattati in conformit\u00e0 al Regolamento (UE) 2016\/679 del 27 aprile 2016 (GDPR). Le seguenti informazioni sul trattamento sono fornite:<\/p>\n<p><strong>Finalit\u00e0 del trattamento:<\/strong> come specificato nella sezione sui <em>cookie<\/em> utilizzati su questo sito web.<\/p>\n<p><strong>Base giuridica del trattamento:<\/strong> tranne nei casi in cui sia necessario per la navigazione web, con il consenso dell&#8217;interessato (Art. 6.1 GDPR).<\/p>\n<p><strong>Criteri di conservazione dei dati:<\/strong> come specificato nella sezione sui <em>cookie<\/em> utilizzati sul sito web.<\/p>\n<p><strong>Comunicazione dei dati:<\/strong> I dati non saranno comunicati a terzi, tranne nei casi di cookie di propriet\u00e0 di terzi o per obblighi legali.<\/p>\n<p><strong>Diritti dell&#8217;Interessato:<\/strong><\/p>\n<ul>\n<li>Diritto di revocare il consenso in qualsiasi momento<\/li>\n<li>Diritto di accesso, rettifica, portabilit\u00e0 ed cancellazione dei propri dati, nonch\u00e9 il diritto di limitare o opporsi al loro trattamento<\/li>\n<li>Diritto di presentare un reclamo all&#8217;Autorit\u00e0 di controllo (www.aepd.es) se ritengono che il trattamento non sia conforme alle normative vigenti.<\/li>\n<\/ul>\n<div><\/div>\n<p><strong>Dati di contatto per esercitare i loro diritti:<\/strong><\/p>\n<p>UGO JULIEN DAUPHIN. Calle Madrid, N\u00ba4, Faro 2, apt. 36, &#8211; 07820 San Antonio de Portmany (Illes Balears). E-mail: info@ibizaexplorer.com<\/p>\n<p><strong>COOKIE UTILIZZATI SU QUESTO SITO WEB<\/strong><\/p>\n\t\t\t\t\t\t\t\t<\/div>\n\t\t\t\t<\/div>\n\t\t\t\t<div class=\"elementor-element elementor-element-d7f857d elementor-widget elementor-widget-text-editor\" data-id=\"d7f857d\" data-element_type=\"widget\" data-e-type=\"widget\" data-widget_type=\"text-editor.default\">\n\t\t\t\t<div class=\"elementor-widget-container\">\n\t\t\t\t\t\t\t\t\t<p><strong>COOKIE CONTROLLATI DAL EDITORE<\/strong><\/p>\n<p><strong>Tecnici e Funzionali<\/strong><\/p>\n<table>\n<tbody>\n<tr>\n<td><strong>Propriet\u00e0<\/strong><\/td>\n<td><strong>Cookie<\/strong><\/td>\n<td><strong>Scopo<\/strong><\/td>\n<td><strong>Durata<\/strong><\/td>\n<\/tr>\n<tr>\n<td>google.com<\/td>\n<td><u> <\/u><strong>Secure-ENID<\/strong><\/td>\n<td>Cookie necessario per l&#8217;uso delle opzioni e servizi del sito web<\/td>\n<td>1 anno<\/td>\n<\/tr>\n<tr>\n<td>google.com<\/td>\n<td><strong>_GRECAPTCHA<\/strong><\/td>\n<td>Cookie necessario per l&#8217;uso delle opzioni e servizi del sito web<\/td>\n<td>6 mesi<\/td>\n<\/tr>\n<tr>\n<td>google.com<\/td>\n<td><strong>AEC<\/strong><\/td>\n<td>Cookie necessario per l&#8217;uso delle opzioni e servizi del sito web<\/td>\n<td>6 mesi<\/td>\n<\/tr>\n<tr>\n<td>Google<\/td>\n<td><strong>CONSENT<\/strong><\/td>\n<td>Tracker di consenso dei cookie di Google<\/td>\n<td>1 anno<\/td>\n<\/tr>\n<tr>\n<td>google.com<\/td>\n<td><strong>SOCS<\/strong><\/td>\n<td>Cookie necessario per l&#8217;uso delle opzioni e servizi del sito web<\/td>\n<td>1 anno<\/td>\n<\/tr>\n<tr>\n<td>ibizaexplorer.com<\/td>\n<td><strong>_ga_6N7D5Q36JD<\/strong><\/td>\n<td>Cookie necessario per l&#8217;uso delle opzioni e servizi del sito web<\/td>\n<td>1 anno<\/td>\n<\/tr>\n<tr>\n<td>ibizaexplorer.com<\/td>\n<td><strong>moove_gdpr_pop<\/strong><strong> up<\/strong><\/td>\n<td>Cookie necessario per l&#8217;uso delle opzioni e servizi del sito web<\/td>\n<td>1 anno<\/td>\n<\/tr>\n<tr>\n<td>PHP.net<\/td>\n<td><strong>PHPSESSID<\/strong><\/td>\n<td>Cookies generati dalle applicazioni basate sul linguaggio PHP. \u00c8 un identificatore di uso generale utilizzato per mantenere le variabili di sessione dell&#8217;utente. Normalmente, \u00e8 un numero generato casualmente, e come viene utilizzato pu\u00f2 essere specifico per il sito, ma un buon esempio \u00e8 mantenere lo stato di accesso dell&#8217;utente tra le pagine.<\/td>\n<td>Sessione<\/td>\n<\/tr>\n<tr>\n<td>ibizaexplorer.com<\/td>\n<td><strong>wp-<\/strong><strong> wpml_current_language<\/strong><\/td>\n<td>Cookie necessario per l&#8217;uso delle opzioni e servizi del sito web<\/td>\n<td>Sessione<\/td>\n<\/tr>\n<\/tbody>\n<\/table>\n<p><strong>Analitici<\/strong><\/p>\n<table>\n<tbody>\n<tr>\n<td><strong>Propriet\u00e0<\/strong><\/td>\n<td><strong>Cookie<\/strong><\/td>\n<td><strong>Scopo<\/strong><\/td>\n<td><strong>Durata<\/strong><\/td>\n<\/tr>\n<tr>\n<td>Google Analytics<\/td>\n<td><strong>_ga<\/strong><\/td>\n<td>ID utilizzato per identificare gli utenti<\/td>\n<td>1 anno<\/td>\n<\/tr>\n<\/tbody>\n<\/table>\n<p><strong>Pubblicit\u00e0<\/strong><\/p>\n<table>\n<tbody>\n<tr>\n<td><strong>Propriet\u00e0<\/strong><\/td>\n<td><strong>Cookie<\/strong><\/td>\n<td><strong>Scopo<\/strong><\/td>\n<td><strong>Durata<\/strong><\/td>\n<\/tr>\n<tr>\n<td>Google<\/td>\n<td><strong>OTZ<\/strong><\/td>\n<td>Analisi aggregata dei visitatori del sito<\/td>\n<td>1 mese<\/td>\n<\/tr>\n<\/tbody>\n<\/table>\n<p><strong>COOKIE DI TERZE PARTI<\/strong><\/p>\n<p>I servizi di terze parti sono al di fuori del controllo dell&#8217;editore. I fornitori possono modificare i loro termini di servizio, lo scopo e l&#8217;uso dei cookie, ecc., in qualsiasi momento.<\/p>\n<p>Fornitori esterni di questo sito web:<\/p>\n<table>\n<tbody>\n<tr>\n<td><strong>Editore<\/strong><\/td>\n<td><strong>Informativa sulla privacy<\/strong><\/td>\n<\/tr>\n<tr>\n<td>Google Analytics<\/td>\n<td>https:\/\/privacy.google.com\/take-control.html<\/td>\n<\/tr>\n<tr>\n<td>Google<\/td>\n<td>https:\/\/privacy.google.com\/take-control.html<\/td>\n<\/tr>\n<tr>\n<td>PHP.net<\/td>\n<td><a href=\"http:\/\/www.php.net\/privacy.php\">https:\/\/www.php.net\/privacy.php<\/a><\/td>\n<\/tr>\n<tr>\n<td colspan=\"2\"><strong>PANNELLO DI IMPOSTAZIONE DEI COOKIE<\/strong><\/td>\n<\/tr>\n<\/tbody>\n<\/table>\n<p>Da questo pannello, \u00e8 possibile configurare i cookie che il sito web pu\u00f2 installare nel tuo browser, ad eccezione dei cookie tecnici o funzionali necessari per la navigazione e l&#8217;uso delle diverse opzioni o servizi offerti.<\/p>\n<p><u>Pannello dei cookie<\/u><\/p>\n<table>\n<tbody>\n<tr>\n<td colspan=\"3\"><strong>COME GESTIRE I COOKIE DAL BROWSER<\/strong><\/td>\n<\/tr>\n<tr>\n<td colspan=\"2\"><strong>Cancella i cookie del dispositivo<\/strong><\/td>\n<td>I cookie gi\u00e0 presenti su un dispositivo possono essere cancellati cancellando la cronologia del browser, il che rimuove i cookie da tutti i siti web visitati.<\/p>\n<p>Tuttavia, alcune informazioni salvate potrebbero essere perse (ad esempio, dati di accesso o preferenze del sito).<\/td>\n<\/tr>\n<tr>\n<td colspan=\"2\"><strong>Gestisci i cookie specifici del sito<\/strong><\/td>\n<td>Per un controllo pi\u00f9 preciso dei cookie specifici di ciascun sito, gli utenti possono regolare le impostazioni sulla privacy e sui cookie nel browser.<\/td>\n<\/tr>\n<tr>\n<td colspan=\"2\"><strong>Blocca i cookie<\/strong><\/td>\n<td>Sebbene la maggior parte dei browser moderni possa essere configurata per impedire l&#8217;installazione di cookie sui dispositivi, ci\u00f2 potrebbe richiedere un aggiustamento manuale di alcune preferenze ogni volta che si visita un sito o una pagina. Inoltre, alcuni servizi e funzionalit\u00e0 potrebbero non funzionare correttamente (ad esempio, l&#8217;accesso ai profili).<\/td>\n<\/tr>\n<tr>\n<td colspan=\"3\"><strong>COME ELIMINARE I COOKIE DAI BROWSER PI\u00d9 COMUNI<\/strong><\/td>\n<\/tr>\n<tr>\n<td><strong>Chrome<\/strong><\/td>\n<td colspan=\"2\"><a href=\"http:\/\/support.google.com\/chrome\/answer\/95647?hl=it\">http:\/\/support.google.com\/chrome\/answer\/95647?hl=it<\/a><\/td>\n<\/tr>\n<tr>\n<td><strong>Edge<\/strong><\/td>\n<td colspan=\"2\"><a href=\"https:\/\/support.microsoft.com\/it-it\/microsoft-edge\/eliminare-i-cookie-in-microsoft-edge-63947406-40ac-c3b8-57b9-2a946a29ae09\"><u>https:\/\/support.microsoft.com\/it-it\/microsoft-edge\/eliminare-i-cookie-in-microsoft-edge-63947406-40ac-c3b8-57b9-2a946a29ae09<\/u><\/a><\/td>\n<\/tr>\n<tr>\n<td><strong>Explorer<\/strong><\/td>\n<td colspan=\"2\"><a href=\"https:\/\/support.microsoft.com\/it-it\/help\/278835\/how-to-delete-cookie-files-in-internet-explorer\"><u>https:\/\/support.microsoft.com\/it-it\/help\/278835\/how-to-delete-cookie-files-in-internet-explorer<\/u><\/a><\/td>\n<\/tr>\n<tr>\n<td><strong>Firefox<\/strong><\/td>\n<td colspan=\"2\"><a href=\"https:\/\/www.mozilla.org\/it-IT\/privacy\/websites\/#cookies\">https:\/\/www.mozilla.org\/it-IT\/privacy\/websites\/#cookies<\/a><\/td>\n<\/tr>\n<tr>\n<td><strong>Safari<\/strong><\/td>\n<td colspan=\"2\"><a href=\"https:\/\/support.apple.com\/it-it\/guide\/safari\/sfri11471\/mac\">https:\/\/support.apple.com\/it-it\/guide\/safari\/sfri11471\/mac<\/a><\/td>\n<\/tr>\n<tr>\n<td><strong>Opera<\/strong><\/td>\n<td colspan=\"2\"><a href=\"https:\/\/help.opera.com\/en\/latest\/security-and-privacy\/#clearBrowsingData\">https:\/\/help.opera.com\/en\/latest\/security-and-privacy\/#clearBrowsingData<\/a><\/td>\n<\/tr>\n<\/tbody>\n<\/table>\n\t\t\t\t\t\t\t\t<\/div>\n\t\t\t\t<\/div>\n\t\t\t\t\t<\/div>\n\t\t\t\t<\/div>\n\t\t\t\t<\/div>\n\t\t","protected":false},"excerpt":{"rendered":"<p>INFORMAZIONI SUI COOKIE In conformit\u00e0 alla Legge 34\/2002, dell&#8217;11 luglio, sui servizi della societ\u00e0 dell&#8217;informazione e del commercio elettronico (LSSI), in relazione al Regolamento (UE) 2016\/679 del Parlamento europeo e del Consiglio, del 27 aprile 2016, relativo alla protezione delle persone fisiche con riguardo al trattamento dei dati personali (GDPR) e alla Legge Organica 3\/2018, [&hellip;]<\/p>\n","protected":false},"author":1,"featured_media":0,"parent":0,"menu_order":0,"comment_status":"closed","ping_status":"closed","template":"","meta":{"_joinchat":[],"footnotes":""},"class_list":["post-4490","page","type-page","status-publish","hentry"],"yoast_head":"<!-- This site is optimized with the Yoast SEO plugin v27.3 - https:\/\/yoast.com\/product\/yoast-seo-wordpress\/ -->\n<title>Politica sui Cookie - IbizaExplorer<\/title>\n<meta name=\"description\" content=\"INFORMAZIONI SUI COOKIE In conformit\u00e0 alla Legge 34\/2002, dell&#039;11 luglio, sui servizi della societ\u00e0 dell&#039;informazione e del commercio elettronico (LSSI),\" \/>\n<meta name=\"robots\" content=\"index, follow, max-snippet:-1, max-image-preview:large, max-video-preview:-1\" \/>\n<link rel=\"canonical\" href=\"https:\/\/ibizaexplorer.com\/it\/politica-sui-cookie\/\" \/>\n<meta property=\"og:locale\" content=\"it_IT\" \/>\n<meta property=\"og:type\" content=\"article\" \/>\n<meta property=\"og:title\" content=\"Politica sui Cookie - IbizaExplorer\" \/>\n<meta property=\"og:description\" content=\"INFORMAZIONI SUI COOKIE In conformit\u00e0 alla Legge 34\/2002, dell&#039;11 luglio, sui servizi della societ\u00e0 dell&#039;informazione e del commercio elettronico (LSSI),\" \/>\n<meta property=\"og:url\" content=\"https:\/\/ibizaexplorer.com\/it\/politica-sui-cookie\/\" \/>\n<meta property=\"og:site_name\" content=\"IbizaExplorer\" \/>\n<meta property=\"article:publisher\" content=\"https:\/\/www.facebook.com\/people\/Ibiza-Explorer\/61554155201270\" \/>\n<meta property=\"article:modified_time\" content=\"2024-01-17T09:30:10+00:00\" \/>\n<meta property=\"og:image\" content=\"https:\/\/ibizaexplorer.com\/wp-content\/uploads\/2025\/03\/96125_IBIZA-EXPLORER_Flat_RT_KC_15-scaled.webp\" \/>\n\t<meta property=\"og:image:width\" content=\"2560\" \/>\n\t<meta property=\"og:image:height\" content=\"1463\" \/>\n\t<meta property=\"og:image:type\" content=\"image\/webp\" \/>\n<meta name=\"twitter:card\" content=\"summary_large_image\" \/>\n<meta name=\"twitter:label1\" content=\"Tempo di lettura stimato\" \/>\n\t<meta name=\"twitter:data1\" content=\"7 minuti\" \/>\n<script type=\"application\/ld+json\" class=\"yoast-schema-graph\">{\"@context\":\"https:\\\/\\\/schema.org\",\"@graph\":[{\"@type\":\"WebPage\",\"@id\":\"https:\\\/\\\/ibizaexplorer.com\\\/it\\\/politica-sui-cookie\\\/\",\"url\":\"https:\\\/\\\/ibizaexplorer.com\\\/it\\\/politica-sui-cookie\\\/\",\"name\":\"Politica sui Cookie - IbizaExplorer\",\"isPartOf\":{\"@id\":\"https:\\\/\\\/ibizaexplorer.com\\\/it\\\/#website\"},\"datePublished\":\"2024-01-17T07:19:46+00:00\",\"dateModified\":\"2024-01-17T09:30:10+00:00\",\"description\":\"INFORMAZIONI SUI COOKIE In conformit\u00e0 alla Legge 34\\\/2002, dell'11 luglio, sui servizi della societ\u00e0 dell'informazione e del commercio elettronico (LSSI),\",\"breadcrumb\":{\"@id\":\"https:\\\/\\\/ibizaexplorer.com\\\/it\\\/politica-sui-cookie\\\/#breadcrumb\"},\"inLanguage\":\"it-IT\",\"potentialAction\":[{\"@type\":\"ReadAction\",\"target\":[\"https:\\\/\\\/ibizaexplorer.com\\\/it\\\/politica-sui-cookie\\\/\"]}]},{\"@type\":\"BreadcrumbList\",\"@id\":\"https:\\\/\\\/ibizaexplorer.com\\\/it\\\/politica-sui-cookie\\\/#breadcrumb\",\"itemListElement\":[{\"@type\":\"ListItem\",\"position\":1,\"name\":\"Home\",\"item\":\"https:\\\/\\\/ibizaexplorer.com\\\/\"},{\"@type\":\"ListItem\",\"position\":2,\"name\":\"Politica sui Cookie\"}]},{\"@type\":\"WebSite\",\"@id\":\"https:\\\/\\\/ibizaexplorer.com\\\/it\\\/#website\",\"url\":\"https:\\\/\\\/ibizaexplorer.com\\\/it\\\/\",\"name\":\"Ibizaexplorer.com\",\"description\":\"Alquiler de barcos en Ibiza\",\"publisher\":{\"@id\":\"https:\\\/\\\/ibizaexplorer.com\\\/it\\\/#organization\"},\"potentialAction\":[{\"@type\":\"SearchAction\",\"target\":{\"@type\":\"EntryPoint\",\"urlTemplate\":\"https:\\\/\\\/ibizaexplorer.com\\\/it\\\/?s={search_term_string}\"},\"query-input\":{\"@type\":\"PropertyValueSpecification\",\"valueRequired\":true,\"valueName\":\"search_term_string\"}}],\"inLanguage\":\"it-IT\"},{\"@type\":\"Organization\",\"@id\":\"https:\\\/\\\/ibizaexplorer.com\\\/it\\\/#organization\",\"name\":\"Ibiza Explorer\",\"url\":\"https:\\\/\\\/ibizaexplorer.com\\\/it\\\/\",\"logo\":{\"@type\":\"ImageObject\",\"inLanguage\":\"it-IT\",\"@id\":\"https:\\\/\\\/ibizaexplorer.com\\\/it\\\/#\\\/schema\\\/logo\\\/image\\\/\",\"url\":\"https:\\\/\\\/ibizaexplorer.com\\\/wp-content\\\/uploads\\\/2025\\\/03\\\/96125_IBIZA-EXPLORER_Flat_RT_KC_15-scaled.webp\",\"contentUrl\":\"https:\\\/\\\/ibizaexplorer.com\\\/wp-content\\\/uploads\\\/2025\\\/03\\\/96125_IBIZA-EXPLORER_Flat_RT_KC_15-scaled.webp\",\"width\":2560,\"height\":1463,\"caption\":\"Ibiza Explorer\"},\"image\":{\"@id\":\"https:\\\/\\\/ibizaexplorer.com\\\/it\\\/#\\\/schema\\\/logo\\\/image\\\/\"},\"sameAs\":[\"https:\\\/\\\/www.facebook.com\\\/people\\\/Ibiza-Explorer\\\/61554155201270\"]}]}<\/script>\n<!-- \/ Yoast SEO plugin. -->","yoast_head_json":{"title":"Politica sui Cookie - IbizaExplorer","description":"INFORMAZIONI SUI COOKIE In conformit\u00e0 alla Legge 34\/2002, dell'11 luglio, sui servizi della societ\u00e0 dell'informazione e del commercio elettronico (LSSI),","robots":{"index":"index","follow":"follow","max-snippet":"max-snippet:-1","max-image-preview":"max-image-preview:large","max-video-preview":"max-video-preview:-1"},"canonical":"https:\/\/ibizaexplorer.com\/it\/politica-sui-cookie\/","og_locale":"it_IT","og_type":"article","og_title":"Politica sui Cookie - IbizaExplorer","og_description":"INFORMAZIONI SUI COOKIE In conformit\u00e0 alla Legge 34\/2002, dell'11 luglio, sui servizi della societ\u00e0 dell'informazione e del commercio elettronico (LSSI),","og_url":"https:\/\/ibizaexplorer.com\/it\/politica-sui-cookie\/","og_site_name":"IbizaExplorer","article_publisher":"https:\/\/www.facebook.com\/people\/Ibiza-Explorer\/61554155201270","article_modified_time":"2024-01-17T09:30:10+00:00","og_image":[{"width":2560,"height":1463,"url":"https:\/\/ibizaexplorer.com\/wp-content\/uploads\/2025\/03\/96125_IBIZA-EXPLORER_Flat_RT_KC_15-scaled.webp","type":"image\/webp"}],"twitter_card":"summary_large_image","twitter_misc":{"Tempo di lettura stimato":"7 minuti"},"schema":{"@context":"https:\/\/schema.org","@graph":[{"@type":"WebPage","@id":"https:\/\/ibizaexplorer.com\/it\/politica-sui-cookie\/","url":"https:\/\/ibizaexplorer.com\/it\/politica-sui-cookie\/","name":"Politica sui Cookie - IbizaExplorer","isPartOf":{"@id":"https:\/\/ibizaexplorer.com\/it\/#website"},"datePublished":"2024-01-17T07:19:46+00:00","dateModified":"2024-01-17T09:30:10+00:00","description":"INFORMAZIONI SUI COOKIE In conformit\u00e0 alla Legge 34\/2002, dell'11 luglio, sui servizi della societ\u00e0 dell'informazione e del commercio elettronico (LSSI),","breadcrumb":{"@id":"https:\/\/ibizaexplorer.com\/it\/politica-sui-cookie\/#breadcrumb"},"inLanguage":"it-IT","potentialAction":[{"@type":"ReadAction","target":["https:\/\/ibizaexplorer.com\/it\/politica-sui-cookie\/"]}]},{"@type":"BreadcrumbList","@id":"https:\/\/ibizaexplorer.com\/it\/politica-sui-cookie\/#breadcrumb","itemListElement":[{"@type":"ListItem","position":1,"name":"Home","item":"https:\/\/ibizaexplorer.com\/"},{"@type":"ListItem","position":2,"name":"Politica sui Cookie"}]},{"@type":"WebSite","@id":"https:\/\/ibizaexplorer.com\/it\/#website","url":"https:\/\/ibizaexplorer.com\/it\/","name":"Ibizaexplorer.com","description":"Alquiler de barcos en Ibiza","publisher":{"@id":"https:\/\/ibizaexplorer.com\/it\/#organization"},"potentialAction":[{"@type":"SearchAction","target":{"@type":"EntryPoint","urlTemplate":"https:\/\/ibizaexplorer.com\/it\/?s={search_term_string}"},"query-input":{"@type":"PropertyValueSpecification","valueRequired":true,"valueName":"search_term_string"}}],"inLanguage":"it-IT"},{"@type":"Organization","@id":"https:\/\/ibizaexplorer.com\/it\/#organization","name":"Ibiza Explorer","url":"https:\/\/ibizaexplorer.com\/it\/","logo":{"@type":"ImageObject","inLanguage":"it-IT","@id":"https:\/\/ibizaexplorer.com\/it\/#\/schema\/logo\/image\/","url":"https:\/\/ibizaexplorer.com\/wp-content\/uploads\/2025\/03\/96125_IBIZA-EXPLORER_Flat_RT_KC_15-scaled.webp","contentUrl":"https:\/\/ibizaexplorer.com\/wp-content\/uploads\/2025\/03\/96125_IBIZA-EXPLORER_Flat_RT_KC_15-scaled.webp","width":2560,"height":1463,"caption":"Ibiza Explorer"},"image":{"@id":"https:\/\/ibizaexplorer.com\/it\/#\/schema\/logo\/image\/"},"sameAs":["https:\/\/www.facebook.com\/people\/Ibiza-Explorer\/61554155201270"]}]}},"_links":{"self":[{"href":"https:\/\/ibizaexplorer.com\/it\/wp-json\/wp\/v2\/pages\/4490","targetHints":{"allow":["GET"]}}],"collection":[{"href":"https:\/\/ibizaexplorer.com\/it\/wp-json\/wp\/v2\/pages"}],"about":[{"href":"https:\/\/ibizaexplorer.com\/it\/wp-json\/wp\/v2\/types\/page"}],"author":[{"embeddable":true,"href":"https:\/\/ibizaexplorer.com\/it\/wp-json\/wp\/v2\/users\/1"}],"replies":[{"embeddable":true,"href":"https:\/\/ibizaexplorer.com\/it\/wp-json\/wp\/v2\/comments?post=4490"}],"version-history":[{"count":0,"href":"https:\/\/ibizaexplorer.com\/it\/wp-json\/wp\/v2\/pages\/4490\/revisions"}],"wp:attachment":[{"href":"https:\/\/ibizaexplorer.com\/it\/wp-json\/wp\/v2\/media?parent=4490"}],"curies":[{"name":"wp","href":"https:\/\/api.w.org\/{rel}","templated":true}]}}